{"id":542,"date":"2022-10-27T15:56:19","date_gmt":"2022-10-27T15:56:19","guid":{"rendered":"https:\/\/coldingadvisors.com\/cookies-policy\/"},"modified":"2022-11-16T14:23:10","modified_gmt":"2022-11-16T14:23:10","slug":"cookies-policy","status":"publish","type":"page","link":"https:\/\/coldingadvisors.com\/en\/cookies-policy\/","title":{"rendered":"Cookies Policy"},"content":{"rendered":"\t\t<div data-elementor-type=\"wp-page\" data-elementor-id=\"542\" class=\"elementor elementor-542 elementor-100\" data-elementor-post-type=\"page\">\n\t\t\t\t<div class=\"elementor-element elementor-element-c8c6dce e-flex e-con-boxed e-con e-parent\" data-id=\"c8c6dce\" data-element_type=\"container\" data-e-type=\"container\" data-settings=\"{&quot;background_background&quot;:&quot;classic&quot;}\">\n\t\t\t\t\t<div class=\"e-con-inner\">\n\t\t\t\t<div class=\"elementor-element elementor-element-2532102 elementor-widget elementor-widget-heading\" data-id=\"2532102\" data-element_type=\"widget\" data-e-type=\"widget\" data-widget_type=\"heading.default\">\n\t\t\t\t<div class=\"elementor-widget-container\">\n\t\t\t\t\t<h1 class=\"elementor-heading-title elementor-size-default\">Cookies Policy<\/h1>\t\t\t\t<\/div>\n\t\t\t\t<\/div>\n\t\t\t\t\t<\/div>\n\t\t\t\t<\/div>\n\t\t<div class=\"elementor-element elementor-element-9068bf1 e-flex e-con-boxed e-con e-parent\" data-id=\"9068bf1\" data-element_type=\"container\" data-e-type=\"container\">\n\t\t\t\t\t<div class=\"e-con-inner\">\n\t\t\t\t<div class=\"elementor-element elementor-element-75925db elementor-invisible elementor-widget elementor-widget-text-editor\" data-id=\"75925db\" data-element_type=\"widget\" data-e-type=\"widget\" data-settings=\"{&quot;_animation&quot;:&quot;fadeInLeft&quot;,&quot;_animation_delay&quot;:600}\" data-widget_type=\"text-editor.default\">\n\t\t\t\t<div class=\"elementor-widget-container\">\n\t\t\t\t\t\t\t\t\t<p>Esta Pol\u00edtica de Cookies es complemento de la Pol\u00edtica de Privacidad del sitio web <a href=\"http:\/\/www.coldingadvisors.com\">www.coldingadvisors.com<\/a> (en adelante, el \u201cSitio Web\u201d) titularidad de COLDING ADVISORS, S.L. (en adelante, el \u201cColding Advisors\u201d).<\/p>\n<p>De conformidad con lo dispuesto en la Reglamento General UE 679\/2016 de Protecci\u00f3n de Datos (en adelante, \u201cRGPD\u201d) y en la Ley Org\u00e1nica 3\/2018, de 5 de diciembre, de Protecci\u00f3n de Datos y Garant\u00eda de los Derechos Digitales (en adelante, \u201cLOPDGDD\u201d) mediante la aceptaci\u00f3n de la presente Pol\u00edtica de Cookies el usuario web (en adelante, el \u201cUsuario\u201d) PRESTA SU CONSENTIMIENTO informado, expreso, libre e inequ\u00edvoco para tratar los datos personales recabados a trav\u00e9s del Sitio Web a trav\u00e9s de la informaci\u00f3n recabada por las cookies.<\/p>\n<p>Con el fin de facilitar la navegaci\u00f3n por el Sitio Web, Colding Advisors, con domicilio social en Paseo de la Habana 22, 1\u00ba, 28036 Madrid, con CIF B72545528, le comunica que utiliza cookies u otros m\u00e9todos de funcionalidad similar (en adelante, las \u201cCookies\u201d) y por ello le informamos de los siguiente:<\/p>\n<ol>\n<li><strong> \u00bfQu\u00e9 es una cookie?<\/strong><\/li>\n<\/ol>\n<p>Las cookies son archivos que contienen peque\u00f1as cantidades de informaci\u00f3n que se descargan en el dispositivo del Usuario cuando visita una p\u00e1gina web. Su finalidad principal es reconocer al Usuario cada vez que accede al Sitio Web permitiendo, adem\u00e1s, mejorar la calidad y ofrecer un mejor uso del Sitio Web.<\/p>\n<p>Las cookies son esenciales para el funcionamiento de internet, ya que ayudan, entre otras funciones, a identificar y resolver posibles errores de funcionamiento del Sitio Web.<\/p>\n<ol start=\"2\">\n<li><strong> Uso de cookies por parte de Colding Advisors<\/strong><\/li>\n<\/ol>\n<p>Se presta el consentimiento expreso para el tratamiento de datos personales durante el acceso al Sitio Web en aquellos dispositivos utilizados para realizar dicho acceso. Si se desactivan las cookies, puede que el uso del Sitio Web no sea \u00f3ptimo y algunas de las utilidades de las que dispone el Sitio Web no funcionen correctamente.<\/p>\n<p>Concretamente, Colding Advisors est\u00e1 utilizando las cookies para la identificaci\u00f3n de aquellos Usuarios que aceptan el uso de cookies por parte del Sitio Web y permitir la instalaci\u00f3n de las mismas, permitir el log-in de los Usuarios en aquellos casos en los que \u00e9ste sea necesario para acceder a determinadas secciones del Sitio Web, as\u00ed como recordar los datos de log-in de dichos Usuarios en futuras visitas y poder ofrecer as\u00ed una experiencia de navegaci\u00f3n m\u00e1s c\u00f3moda, as\u00ed como evaluar el uso del Sitio Web y la actividad del mismo.<\/p>\n<p>Asimismo, las cookies ayudan protegen a los Usuarios de posibles ataques que puedan recibir de terceros.<\/p>\n<ol start=\"3\">\n<li><strong> Cookies propias<\/strong><\/li>\n<\/ol>\n<p><strong>3.1. Cookies t\u00e9cnicas y de personalizaci\u00f3n:<\/strong><\/p>\n<p>Estas cookies facilitan el acceso y navegaci\u00f3n del Usuario por el Sitio Web en cada una de sus visitas al mismo y la utilizaci\u00f3n de las diferentes opciones o servicios que existen como, por ejemplo, el idioma predeterminado que el Usuario utiliza en el Sitio Web.<\/p>\n<p>COOKIE: GOOGLE ANALYTICS<\/p>\n<table>\n<tbody>\n<tr>\n<td width=\"229\">\n<p>PROCEDENCIA<\/p>\n<\/td>\n<td width=\"478\">\n<p><a href=\"https:\/\/developers.google.com\/analytics\/devguides\/collection\/analyticsjs\/?hl=es-419\">https:\/\/developers.google.com\/analytics\/devguides\/collection\/analyticsjs\/?hl=es-419<\/a><\/p>\n<\/td>\n<\/tr>\n<tr>\n<td width=\"229\">\n<p>BASE JUR\u00cdDICA<\/p>\n<\/td>\n<td width=\"478\">\n<p>Reglamento General de Protecci\u00f3n de Datos, en particular:<br \/>\u25aa Art. 6.1.a): consentimiento del interesado para uno o varios fines espec\u00edficos<\/p>\n<\/td>\n<\/tr>\n<tr>\n<td width=\"229\">\n<p>FINES TRATAMIENTO<\/p>\n<\/td>\n<td width=\"478\">\n<p>Nos permiten obtener la informaci\u00f3n sobre c\u00f3mo los usuarios interact\u00faan con el contenido de nuestra p\u00e1gina web las cookies de Google Analytics recopilan la informaci\u00f3n de forma an\u00f3nima<\/p>\n<\/td>\n<\/tr>\n<tr>\n<td width=\"229\">\n<p>COLECTIVO<\/p>\n<\/td>\n<td width=\"478\">\n<p>Personas f\u00edsicas, incluidas las representantes de personas jur\u00eddicas, usuarios del Sitio Web<\/p>\n<\/td>\n<\/tr>\n<tr>\n<td width=\"229\">\n<p>CATEGOR\u00cdA DE DATOS<\/p>\n<\/td>\n<td width=\"478\">\n<p>Datos relativos a la interactuaci\u00f3n del Usuario en el Sitio Web<\/p>\n<\/td>\n<\/tr>\n<tr>\n<td width=\"229\">\n<p>DESTINATARIOS<\/p>\n<\/td>\n<td width=\"478\">\n<p>No est\u00e1 prevista la cesi\u00f3n de datos a terceros, salvo obligaci\u00f3n legal o previo consentimiento inequ\u00edvoco e informado del Interesado<\/p>\n<\/td>\n<\/tr>\n<tr>\n<td width=\"229\">\n<p>TRANSFERENCIA INTERNACIONAL<\/p>\n<\/td>\n<td width=\"478\">\n<p>No est\u00e1 prevista la transferencia internacional de datos<\/p>\n<\/td>\n<\/tr>\n<tr>\n<td width=\"229\">\n<p>PLAZOS DE CONSERVACI\u00d3N<\/p>\n<\/td>\n<td width=\"478\">\n<p>2 a\u00f1os<\/p>\n<\/td>\n<\/tr>\n<\/tbody>\n<\/table>\n<p>Configuraci\u00f3n del Usuario para evitar cookies<\/p>\n<p>En cumplimiento de la normativa legal vigente, ponemos a su disposici\u00f3n la informaci\u00f3n que le permita configurar su navegador\/navegadores de Internet para mantener su privacidad y seguridad en relaci\u00f3n con las cookies. Por ello, le facilitamos la informaci\u00f3n y enlaces a los sitios de soporte oficiales de los principales navegadores para que pueda decidir si desea o no aceptar el uso de cookies.<\/p>\n<p>As\u00ed, puede bloquear las cookies a trav\u00e9s de las herramientas de configuraci\u00f3n del navegador, o bien, puede configurar su navegador para que le avise cuando un servidor quiera guardar una cookie:<\/p>\n<p>Internet Explorer: Herramientas \u2013 Opciones de Internet \u2013 Privacidad \u2013 Configuraci\u00f3n;<\/p>\n<p>Firefox: Herramientas \u2013 Opciones \u2013 Privacidad \u2013 Historial \u2013 Configuraci\u00f3n personalizada;<\/p>\n<p>Chrome: Configuraci\u00f3n \u2013 Mostrar opciones avanzadas \u2013 Privacidad \u2013 Configuraci\u00f3n de contenido;<\/p>\n<p>Safari: Preferencias \u2013 Seguridad.<\/p>\n<p>En caso de que el Usuario decida desactivar todas las cookies, la calidad y rapidez del servicio podr\u00eda disminuir. Puede encontrar m\u00e1s informaci\u00f3n sobre cookies en: <a href=\"http:\/\/www.allaboutcookies.org\/\">http:\/\/www.allaboutcookies.org\/<\/a><\/p>\n<p>Si tiene dudas sobre esta Pol\u00edtica de Cookies, puede contactar con Colding Advisors en info@coldingadvisors<a href=\"mailto:research@consultoresfb.com\">.com.<\/a><\/p>\n\t\t\t\t\t\t\t\t<\/div>\n\t\t\t\t<\/div>\n\t\t\t\t\t<\/div>\n\t\t\t\t<\/div>\n\t\t\t\t<\/div>\n\t\t","protected":false},"excerpt":{"rendered":"<p>Cookies Policy Esta Pol\u00edtica de Cookies es complemento de la Pol\u00edtica de Privacidad del sitio web www.coldingadvisors.com (en adelante, el \u201cSitio Web\u201d) titularidad de COLDING ADVISORS, S.L. (en adelante, el \u201cColding Advisors\u201d). De conformidad con lo dispuesto en la Reglamento General UE 679\/2016 de Protecci\u00f3n de Datos (en adelante, \u201cRGPD\u201d) y en la Ley Org\u00e1nica [&hellip;]<\/p>\n","protected":false},"author":2,"featured_media":0,"parent":0,"menu_order":0,"comment_status":"closed","ping_status":"closed","template":"","meta":{"footnotes":""},"class_list":["post-542","page","type-page","status-publish","hentry"],"yoast_head":"<!-- This site is optimized with the Yoast SEO plugin v27.4 - https:\/\/yoast.com\/product\/yoast-seo-wordpress\/ -->\n<title>Cookies Policy - COLDING Advisors | connecting talent<\/title>\n<meta name=\"robots\" content=\"index, follow, max-snippet:-1, max-image-preview:large, max-video-preview:-1\" \/>\n<link rel=\"canonical\" href=\"https:\/\/coldingadvisors.com\/en\/cookies-policy\/\" \/>\n<meta property=\"og:locale\" content=\"en_US\" \/>\n<meta property=\"og:type\" content=\"article\" \/>\n<meta property=\"og:title\" content=\"Cookies Policy - COLDING Advisors | connecting talent\" \/>\n<meta property=\"og:description\" content=\"Cookies Policy Esta Pol\u00edtica de Cookies es complemento de la Pol\u00edtica de Privacidad del sitio web www.coldingadvisors.com (en adelante, el \u201cSitio Web\u201d) titularidad de COLDING ADVISORS, S.L. (en adelante, el \u201cColding Advisors\u201d). De conformidad con lo dispuesto en la Reglamento General UE 679\/2016 de Protecci\u00f3n de Datos (en adelante, \u201cRGPD\u201d) y en la Ley Org\u00e1nica [&hellip;]\" \/>\n<meta property=\"og:url\" content=\"https:\/\/coldingadvisors.com\/en\/cookies-policy\/\" \/>\n<meta property=\"og:site_name\" content=\"COLDING Advisors | connecting talent\" \/>\n<meta property=\"article:modified_time\" content=\"2022-11-16T14:23:10+00:00\" \/>\n<meta name=\"twitter:card\" content=\"summary_large_image\" \/>\n<meta name=\"twitter:label1\" content=\"Est. reading time\" \/>\n\t<meta name=\"twitter:data1\" content=\"4 minutes\" \/>\n<script type=\"application\/ld+json\" class=\"yoast-schema-graph\">{\"@context\":\"https:\\\/\\\/schema.org\",\"@graph\":[{\"@type\":\"WebPage\",\"@id\":\"https:\\\/\\\/coldingadvisors.com\\\/en\\\/cookies-policy\\\/\",\"url\":\"https:\\\/\\\/coldingadvisors.com\\\/en\\\/cookies-policy\\\/\",\"name\":\"Cookies Policy - COLDING Advisors | connecting talent\",\"isPartOf\":{\"@id\":\"https:\\\/\\\/coldingadvisors.com\\\/#website\"},\"datePublished\":\"2022-10-27T15:56:19+00:00\",\"dateModified\":\"2022-11-16T14:23:10+00:00\",\"breadcrumb\":{\"@id\":\"https:\\\/\\\/coldingadvisors.com\\\/en\\\/cookies-policy\\\/#breadcrumb\"},\"inLanguage\":\"en-US\",\"potentialAction\":[{\"@type\":\"ReadAction\",\"target\":[\"https:\\\/\\\/coldingadvisors.com\\\/en\\\/cookies-policy\\\/\"]}]},{\"@type\":\"BreadcrumbList\",\"@id\":\"https:\\\/\\\/coldingadvisors.com\\\/en\\\/cookies-policy\\\/#breadcrumb\",\"itemListElement\":[{\"@type\":\"ListItem\",\"position\":1,\"name\":\"Portada\",\"item\":\"https:\\\/\\\/coldingadvisors.com\\\/en\\\/home\\\/\"},{\"@type\":\"ListItem\",\"position\":2,\"name\":\"Cookies Policy\"}]},{\"@type\":\"WebSite\",\"@id\":\"https:\\\/\\\/coldingadvisors.com\\\/#website\",\"url\":\"https:\\\/\\\/coldingadvisors.com\\\/\",\"name\":\"COLDING Advisors | connecting talent\",\"description\":\"Expertos en servicios profesionales, consultores y headhunters, y estamos especializados en alinear a las personas con las organizaciones.\",\"publisher\":{\"@id\":\"https:\\\/\\\/coldingadvisors.com\\\/#organization\"},\"potentialAction\":[{\"@type\":\"SearchAction\",\"target\":{\"@type\":\"EntryPoint\",\"urlTemplate\":\"https:\\\/\\\/coldingadvisors.com\\\/?s={search_term_string}\"},\"query-input\":{\"@type\":\"PropertyValueSpecification\",\"valueRequired\":true,\"valueName\":\"search_term_string\"}}],\"inLanguage\":\"en-US\"},{\"@type\":\"Organization\",\"@id\":\"https:\\\/\\\/coldingadvisors.com\\\/#organization\",\"name\":\"COLDING Advisors | connecting talent\",\"url\":\"https:\\\/\\\/coldingadvisors.com\\\/\",\"logo\":{\"@type\":\"ImageObject\",\"inLanguage\":\"en-US\",\"@id\":\"https:\\\/\\\/coldingadvisors.com\\\/#\\\/schema\\\/logo\\\/image\\\/\",\"url\":\"https:\\\/\\\/coldingadvisors.com\\\/wp-content\\\/uploads\\\/2022\\\/10\\\/colding-advisors-logo-1.svg\",\"contentUrl\":\"https:\\\/\\\/coldingadvisors.com\\\/wp-content\\\/uploads\\\/2022\\\/10\\\/colding-advisors-logo-1.svg\",\"width\":374,\"height\":105,\"caption\":\"COLDING Advisors | connecting talent\"},\"image\":{\"@id\":\"https:\\\/\\\/coldingadvisors.com\\\/#\\\/schema\\\/logo\\\/image\\\/\"}}]}<\/script>\n<!-- \/ Yoast SEO plugin. -->","yoast_head_json":{"title":"Cookies Policy - COLDING Advisors | connecting talent","robots":{"index":"index","follow":"follow","max-snippet":"max-snippet:-1","max-image-preview":"max-image-preview:large","max-video-preview":"max-video-preview:-1"},"canonical":"https:\/\/coldingadvisors.com\/en\/cookies-policy\/","og_locale":"en_US","og_type":"article","og_title":"Cookies Policy - COLDING Advisors | connecting talent","og_description":"Cookies Policy Esta Pol\u00edtica de Cookies es complemento de la Pol\u00edtica de Privacidad del sitio web www.coldingadvisors.com (en adelante, el \u201cSitio Web\u201d) titularidad de COLDING ADVISORS, S.L. (en adelante, el \u201cColding Advisors\u201d). De conformidad con lo dispuesto en la Reglamento General UE 679\/2016 de Protecci\u00f3n de Datos (en adelante, \u201cRGPD\u201d) y en la Ley Org\u00e1nica [&hellip;]","og_url":"https:\/\/coldingadvisors.com\/en\/cookies-policy\/","og_site_name":"COLDING Advisors | connecting talent","article_modified_time":"2022-11-16T14:23:10+00:00","twitter_card":"summary_large_image","twitter_misc":{"Est. reading time":"4 minutes"},"schema":{"@context":"https:\/\/schema.org","@graph":[{"@type":"WebPage","@id":"https:\/\/coldingadvisors.com\/en\/cookies-policy\/","url":"https:\/\/coldingadvisors.com\/en\/cookies-policy\/","name":"Cookies Policy - COLDING Advisors | connecting talent","isPartOf":{"@id":"https:\/\/coldingadvisors.com\/#website"},"datePublished":"2022-10-27T15:56:19+00:00","dateModified":"2022-11-16T14:23:10+00:00","breadcrumb":{"@id":"https:\/\/coldingadvisors.com\/en\/cookies-policy\/#breadcrumb"},"inLanguage":"en-US","potentialAction":[{"@type":"ReadAction","target":["https:\/\/coldingadvisors.com\/en\/cookies-policy\/"]}]},{"@type":"BreadcrumbList","@id":"https:\/\/coldingadvisors.com\/en\/cookies-policy\/#breadcrumb","itemListElement":[{"@type":"ListItem","position":1,"name":"Portada","item":"https:\/\/coldingadvisors.com\/en\/home\/"},{"@type":"ListItem","position":2,"name":"Cookies Policy"}]},{"@type":"WebSite","@id":"https:\/\/coldingadvisors.com\/#website","url":"https:\/\/coldingadvisors.com\/","name":"COLDING Advisors | connecting talent","description":"Expertos en servicios profesionales, consultores y headhunters, y estamos especializados en alinear a las personas con las organizaciones.","publisher":{"@id":"https:\/\/coldingadvisors.com\/#organization"},"potentialAction":[{"@type":"SearchAction","target":{"@type":"EntryPoint","urlTemplate":"https:\/\/coldingadvisors.com\/?s={search_term_string}"},"query-input":{"@type":"PropertyValueSpecification","valueRequired":true,"valueName":"search_term_string"}}],"inLanguage":"en-US"},{"@type":"Organization","@id":"https:\/\/coldingadvisors.com\/#organization","name":"COLDING Advisors | connecting talent","url":"https:\/\/coldingadvisors.com\/","logo":{"@type":"ImageObject","inLanguage":"en-US","@id":"https:\/\/coldingadvisors.com\/#\/schema\/logo\/image\/","url":"https:\/\/coldingadvisors.com\/wp-content\/uploads\/2022\/10\/colding-advisors-logo-1.svg","contentUrl":"https:\/\/coldingadvisors.com\/wp-content\/uploads\/2022\/10\/colding-advisors-logo-1.svg","width":374,"height":105,"caption":"COLDING Advisors | connecting talent"},"image":{"@id":"https:\/\/coldingadvisors.com\/#\/schema\/logo\/image\/"}}]}},"_links":{"self":[{"href":"https:\/\/coldingadvisors.com\/en\/wp-json\/wp\/v2\/pages\/542","targetHints":{"allow":["GET"]}}],"collection":[{"href":"https:\/\/coldingadvisors.com\/en\/wp-json\/wp\/v2\/pages"}],"about":[{"href":"https:\/\/coldingadvisors.com\/en\/wp-json\/wp\/v2\/types\/page"}],"author":[{"embeddable":true,"href":"https:\/\/coldingadvisors.com\/en\/wp-json\/wp\/v2\/users\/2"}],"replies":[{"embeddable":true,"href":"https:\/\/coldingadvisors.com\/en\/wp-json\/wp\/v2\/comments?post=542"}],"version-history":[{"count":3,"href":"https:\/\/coldingadvisors.com\/en\/wp-json\/wp\/v2\/pages\/542\/revisions"}],"predecessor-version":[{"id":545,"href":"https:\/\/coldingadvisors.com\/en\/wp-json\/wp\/v2\/pages\/542\/revisions\/545"}],"wp:attachment":[{"href":"https:\/\/coldingadvisors.com\/en\/wp-json\/wp\/v2\/media?parent=542"}],"curies":[{"name":"wp","href":"https:\/\/api.w.org\/{rel}","templated":true}]}}