{"id":538,"date":"2022-10-27T15:56:14","date_gmt":"2022-10-27T15:56:14","guid":{"rendered":"https:\/\/coldingadvisors.com\/privacy-policy\/"},"modified":"2022-11-16T14:22:15","modified_gmt":"2022-11-16T14:22:15","slug":"privacy-policy","status":"publish","type":"page","link":"https:\/\/coldingadvisors.com\/en\/privacy-policy\/","title":{"rendered":"Privacy Policy"},"content":{"rendered":"\t\t<div data-elementor-type=\"wp-page\" data-elementor-id=\"538\" class=\"elementor elementor-538 elementor-98\" data-elementor-post-type=\"page\">\n\t\t\t\t<div class=\"elementor-element elementor-element-232b90c e-flex e-con-boxed e-con e-parent\" data-id=\"232b90c\" data-element_type=\"container\" data-e-type=\"container\" data-settings=\"{&quot;background_background&quot;:&quot;classic&quot;}\">\n\t\t\t\t\t<div class=\"e-con-inner\">\n\t\t\t\t<div class=\"elementor-element elementor-element-6b1a1ef elementor-widget elementor-widget-heading\" data-id=\"6b1a1ef\" data-element_type=\"widget\" data-e-type=\"widget\" data-widget_type=\"heading.default\">\n\t\t\t\t<div class=\"elementor-widget-container\">\n\t\t\t\t\t<h1 class=\"elementor-heading-title elementor-size-default\">Privacy Policy<\/h1>\t\t\t\t<\/div>\n\t\t\t\t<\/div>\n\t\t\t\t\t<\/div>\n\t\t\t\t<\/div>\n\t\t<div class=\"elementor-element elementor-element-cd526bf e-flex e-con-boxed e-con e-parent\" data-id=\"cd526bf\" data-element_type=\"container\" data-e-type=\"container\">\n\t\t\t\t\t<div class=\"e-con-inner\">\n\t\t\t\t<div class=\"elementor-element elementor-element-1a2a8e0 elementor-invisible elementor-widget elementor-widget-text-editor\" data-id=\"1a2a8e0\" data-element_type=\"widget\" data-e-type=\"widget\" data-settings=\"{&quot;_animation&quot;:&quot;fadeInLeft&quot;,&quot;_animation_delay&quot;:600}\" data-widget_type=\"text-editor.default\">\n\t\t\t\t<div class=\"elementor-widget-container\">\n\t\t\t\t\t\t\t\t\t<p>En cumplimiento del Reglamento (UE) 2016\/679 del Parlamento Europeo y del Consejo, de 27 de abril de 2016, relativo a la protecci\u00f3n de las personas f\u00edsicas en lo que respecta al tratamiento de datos personales, por el que se deroga la directiva 95\/46\/CE (en adelante, RGPD), de la Ley 34\/2002, de 11 de julio, de servicios de la sociedad de la informaci\u00f3n y comercio electr\u00f3nico (en adelante, LSSI-CE) y de la Ley Org\u00e1nica 3\/2018, de Protecci\u00f3n de Datos Personales y garant\u00eda de los derechos digitales (en adelante, LOPDGDD), COLDING ADVISORS SL garantiza la protecci\u00f3n y confidencialidad de los datos personales, de cualquier tipo que nos proporcionen nuestros clientes o candidatos, de acuerdo con lo dispuesto en el Reglamento General de Protecci\u00f3n de Datos de Car\u00e1cter Personal.<\/p>\n<\/p>\n<p><strong><u>Entidad Responsable del Tratamiento<\/u><\/strong><\/p>\n<p>Raz\u00f3n social: COLDING ADVISORS S.L.<\/p>\n<p>CIF: B-72545528<\/p>\n<p>Domicilio: Paseo de la Habana 22, 1\u00ba<\/p>\n<p>Email: <a href=\"mailto:info@coldingadvisors.com\">info@coldingadvisors.com<\/a><\/p>\n<p>Datos Registrales: Pendiente<\/p>\n<\/p>\n<p><strong><u>Informaci\u00f3n y consentimiento<\/u><\/strong><\/p>\n<p>De conformidad con lo dispuesto en el RGPD y en la LOPDGDD mediante la aceptaci\u00f3n de la presente Pol\u00edtica de Privacidad el usuario web (en adelante, el \u201cInteresado\u201d) PRESTA SU CONSENTIMIENTO informado, expreso, libre e inequ\u00edvoco para tratar los datos personales recabados a trav\u00e9s del sitio web <a href=\"http:\/\/www.coldingadvisors.com\">www.coldingadvisors.com<\/a> (en adelante, el \u201cSitio Web\u201d), ya sea a trav\u00e9s de formularios habilitados al efecto o bien a trav\u00e9s de la informaci\u00f3n recabada por las cookies.<\/p>\n<p>Asimismo, el Interesado consiente que estos datos sean tratados por Colding Advisors SL para prestar sus servicios aplicando las medidas organizativas y de seguridad requeridas por el RGPD.<\/p>\n<p>Todos los datos personales solicitados al Interesado en el Sitio Web son obligatorios, no siendo posible prestar cada uno de los servicios sin el correspondiente tratamiento de datos por parte de Colding Advisors SL. La navegaci\u00f3n en el Sitio Web es libre y gratuita.<\/p>\n<\/p>\n<p><strong><u>Datos del Interesado<\/u><\/strong><br \/>El Interesado garantiza que los datos personales facilitados a Colding Advisors SL son ciertos y exactos, con lo que Colding Advisors no se har\u00e1 responsable de cualquier incidencia derivada de la inexactitud o falsedad de la informaci\u00f3n proporcionada por los Interesados, m\u00e1s all\u00e1 de la posibilidad que tiene el Interesado de ejercitar su derecho de rectificaci\u00f3n.<\/p>\n<p>En el caso que el Interesado nos facilite datos de terceras personas, como responsable o encargado del tratamiento, ser\u00e1 responsable de cumplir con toda la normativa de protecci\u00f3n de datos aplicable. Adem\u00e1s, el Interesado garantiza que ha obtenido todos los consentimientos, autorizaciones y\/o aprobaciones legalmente necesarias antes de incluir datos personales de terceros en el Sitio Web.<\/p>\n<\/p>\n<p><strong><u>Finalidad del tratamiento<\/u><\/strong><\/p>\n<p>Todos los datos facilitados por el Interesado o terceros en la web de Colding Advisors SL o a su personal, ser\u00e1n incluidos en el registro de actividades de tratamiento de datos de car\u00e1cter personal, creado y mantenido bajo la responsabilidad de Colding Advisors SL, imprescindibles para prestar los servicios solicitados por el Interesado, o para resolver las dudas o cuestiones planteadas por nuestros visitantes.<\/p>\n<p>No cedemos sus datos personales a nadie, a excepci\u00f3n de aquellas entidades p\u00fablicas o privadas a las cuales estemos obligados a facilitar sus datos personales con motivo del cumplimiento de alguna ley. En el caso de que necesitemos dar a conocer su informaci\u00f3n personal a otras entidades, le solicitaremos previamente su permiso a trav\u00e9s de opciones claras que le permitir\u00e1n decidir a este respecto.<\/p>\n<\/p>\n<p><strong><u>Conservaci\u00f3n<\/u><\/strong><\/p>\n<p>S\u00f3lo conservaremos sus datos personales durante el tiempo que resulte necesario para lograr los fines para los que fueron recabados. A la hora de determinar el oportuno periodo de conservaci\u00f3n, examinamos los riesgos que conlleva el tratamiento, as\u00ed como nuestras obligaciones contractuales, legales y normativas y las pol\u00edticas internas de conservaci\u00f3n de datos.<\/p>\n<p>En este sentido, Colding Advisors SL conservar\u00e1 los datos personales una vez terminada su relaci\u00f3n con Ud., debidamente bloqueados, durante el plazo de prescripci\u00f3n de las acciones que pudieran derivarse de la relaci\u00f3n mantenida con el Interesado.<\/p>\n<p>Una vez bloqueados, sus datos resultar\u00e1n inaccesibles para Colding Avisors SL, y no ser\u00e1n tratados excepto para su puesta a disposici\u00f3n a las Administraciones P\u00fablicas, Jueces y Tribunales, para la atenci\u00f3n de las posibles responsabilidades nacidas de los tratamientos, as\u00ed como para el ejercicio y defensa de reclamaciones ante la Agencia Espa\u00f1ola de Protecci\u00f3n de Datos.<\/p>\n<\/p>\n<p><strong><u>Ejercicio de Derechos<\/u><\/strong><\/p>\n<p>De conformidad con lo dispuesto en el RGPD, le informamos que puede ejercer sus derechos de acceso, rectificaci\u00f3n, supresi\u00f3n, oposici\u00f3n, portabilidad de los datos y limitaci\u00f3n del tratamiento directamente ante Colding Advisors SL.<\/p>\n<p>Para facilitar el ejercicio de dichos derechos, el Interesado podr\u00e1 enviar un mensaje al efecto, indicando nombre, apellidos, email, n\u00famero de DNI o pasaporte, a la siguiente direcci\u00f3n de correo electr\u00f3nico: info<a href=\"mailto:research@consultoresfb.com\">@coldingadvisors.com<\/a><\/p>\n<p>El Interesado tambi\u00e9n podr\u00e1 ejercer sus derechos mediante la presentaci\u00f3n de una reclamaci\u00f3n ante la Agencia Espa\u00f1ola de Protecci\u00f3n de Datos.<\/p>\n<\/p>\n<p><strong><u>Aceptaci\u00f3n de la pol\u00edtica de privacidad<\/u><\/strong><\/p>\n<p>El Interesado RECONOCE Y ACEPTA HABER LE\u00cdDO Y COMPRENDIDO la presente Pol\u00edtica de Privacidad cuyo contenido constituye la totalidad del acuerdo entre el Interesado y Colding Advisors con respecto al uso y tratamiento de su informaci\u00f3n personal. El Interesado expresamente acepta obligarse en los t\u00e9rminos de la presente Pol\u00edtica de Privacidad, en toda su extensi\u00f3n y alcance, sin exceptuar cualquiera de sus disposiciones.<\/p>\n\t\t\t\t\t\t\t\t<\/div>\n\t\t\t\t<\/div>\n\t\t\t\t\t<\/div>\n\t\t\t\t<\/div>\n\t\t\t\t<\/div>\n\t\t","protected":false},"excerpt":{"rendered":"<p>Privacy Policy En cumplimiento del Reglamento (UE) 2016\/679 del Parlamento Europeo y del Consejo, de 27 de abril de 2016, relativo a la protecci\u00f3n de las personas f\u00edsicas en lo que respecta al tratamiento de datos personales, por el que se deroga la directiva 95\/46\/CE (en adelante, RGPD), de la Ley 34\/2002, de 11 de [&hellip;]<\/p>\n","protected":false},"author":2,"featured_media":0,"parent":0,"menu_order":0,"comment_status":"closed","ping_status":"closed","template":"","meta":{"footnotes":""},"class_list":["post-538","page","type-page","status-publish","hentry"],"yoast_head":"<!-- This site is optimized with the Yoast SEO plugin v27.3 - https:\/\/yoast.com\/product\/yoast-seo-wordpress\/ -->\n<title>Privacy Policy - COLDING Advisors | connecting talent<\/title>\n<meta name=\"robots\" content=\"index, follow, max-snippet:-1, max-image-preview:large, max-video-preview:-1\" \/>\n<link rel=\"canonical\" href=\"https:\/\/coldingadvisors.com\/en\/privacy-policy\/\" \/>\n<meta property=\"og:locale\" content=\"en_US\" \/>\n<meta property=\"og:type\" content=\"article\" \/>\n<meta property=\"og:title\" content=\"Privacy Policy - COLDING Advisors | connecting talent\" \/>\n<meta property=\"og:description\" content=\"Privacy Policy En cumplimiento del Reglamento (UE) 2016\/679 del Parlamento Europeo y del Consejo, de 27 de abril de 2016, relativo a la protecci\u00f3n de las personas f\u00edsicas en lo que respecta al tratamiento de datos personales, por el que se deroga la directiva 95\/46\/CE (en adelante, RGPD), de la Ley 34\/2002, de 11 de [&hellip;]\" \/>\n<meta property=\"og:url\" content=\"https:\/\/coldingadvisors.com\/en\/privacy-policy\/\" \/>\n<meta property=\"og:site_name\" content=\"COLDING Advisors | connecting talent\" \/>\n<meta property=\"article:modified_time\" content=\"2022-11-16T14:22:15+00:00\" \/>\n<meta name=\"twitter:card\" content=\"summary_large_image\" \/>\n<meta name=\"twitter:label1\" content=\"Est. reading time\" \/>\n\t<meta name=\"twitter:data1\" content=\"5 minutes\" \/>\n<script type=\"application\/ld+json\" class=\"yoast-schema-graph\">{\"@context\":\"https:\\\/\\\/schema.org\",\"@graph\":[{\"@type\":\"WebPage\",\"@id\":\"https:\\\/\\\/coldingadvisors.com\\\/en\\\/privacy-policy\\\/\",\"url\":\"https:\\\/\\\/coldingadvisors.com\\\/en\\\/privacy-policy\\\/\",\"name\":\"Privacy Policy - COLDING Advisors | connecting talent\",\"isPartOf\":{\"@id\":\"https:\\\/\\\/coldingadvisors.com\\\/#website\"},\"datePublished\":\"2022-10-27T15:56:14+00:00\",\"dateModified\":\"2022-11-16T14:22:15+00:00\",\"breadcrumb\":{\"@id\":\"https:\\\/\\\/coldingadvisors.com\\\/en\\\/privacy-policy\\\/#breadcrumb\"},\"inLanguage\":\"en-US\",\"potentialAction\":[{\"@type\":\"ReadAction\",\"target\":[\"https:\\\/\\\/coldingadvisors.com\\\/en\\\/privacy-policy\\\/\"]}]},{\"@type\":\"BreadcrumbList\",\"@id\":\"https:\\\/\\\/coldingadvisors.com\\\/en\\\/privacy-policy\\\/#breadcrumb\",\"itemListElement\":[{\"@type\":\"ListItem\",\"position\":1,\"name\":\"Portada\",\"item\":\"https:\\\/\\\/coldingadvisors.com\\\/en\\\/home\\\/\"},{\"@type\":\"ListItem\",\"position\":2,\"name\":\"Privacy Policy\"}]},{\"@type\":\"WebSite\",\"@id\":\"https:\\\/\\\/coldingadvisors.com\\\/#website\",\"url\":\"https:\\\/\\\/coldingadvisors.com\\\/\",\"name\":\"COLDING Advisors | connecting talent\",\"description\":\"Expertos en servicios profesionales, consultores y headhunters, y estamos especializados en alinear a las personas con las organizaciones.\",\"publisher\":{\"@id\":\"https:\\\/\\\/coldingadvisors.com\\\/#organization\"},\"potentialAction\":[{\"@type\":\"SearchAction\",\"target\":{\"@type\":\"EntryPoint\",\"urlTemplate\":\"https:\\\/\\\/coldingadvisors.com\\\/?s={search_term_string}\"},\"query-input\":{\"@type\":\"PropertyValueSpecification\",\"valueRequired\":true,\"valueName\":\"search_term_string\"}}],\"inLanguage\":\"en-US\"},{\"@type\":\"Organization\",\"@id\":\"https:\\\/\\\/coldingadvisors.com\\\/#organization\",\"name\":\"COLDING Advisors | connecting talent\",\"url\":\"https:\\\/\\\/coldingadvisors.com\\\/\",\"logo\":{\"@type\":\"ImageObject\",\"inLanguage\":\"en-US\",\"@id\":\"https:\\\/\\\/coldingadvisors.com\\\/#\\\/schema\\\/logo\\\/image\\\/\",\"url\":\"https:\\\/\\\/coldingadvisors.com\\\/wp-content\\\/uploads\\\/2022\\\/10\\\/colding-advisors-logo-1.svg\",\"contentUrl\":\"https:\\\/\\\/coldingadvisors.com\\\/wp-content\\\/uploads\\\/2022\\\/10\\\/colding-advisors-logo-1.svg\",\"width\":374,\"height\":105,\"caption\":\"COLDING Advisors | connecting talent\"},\"image\":{\"@id\":\"https:\\\/\\\/coldingadvisors.com\\\/#\\\/schema\\\/logo\\\/image\\\/\"}}]}<\/script>\n<!-- \/ Yoast SEO plugin. -->","yoast_head_json":{"title":"Privacy Policy - COLDING Advisors | connecting talent","robots":{"index":"index","follow":"follow","max-snippet":"max-snippet:-1","max-image-preview":"max-image-preview:large","max-video-preview":"max-video-preview:-1"},"canonical":"https:\/\/coldingadvisors.com\/en\/privacy-policy\/","og_locale":"en_US","og_type":"article","og_title":"Privacy Policy - COLDING Advisors | connecting talent","og_description":"Privacy Policy En cumplimiento del Reglamento (UE) 2016\/679 del Parlamento Europeo y del Consejo, de 27 de abril de 2016, relativo a la protecci\u00f3n de las personas f\u00edsicas en lo que respecta al tratamiento de datos personales, por el que se deroga la directiva 95\/46\/CE (en adelante, RGPD), de la Ley 34\/2002, de 11 de [&hellip;]","og_url":"https:\/\/coldingadvisors.com\/en\/privacy-policy\/","og_site_name":"COLDING Advisors | connecting talent","article_modified_time":"2022-11-16T14:22:15+00:00","twitter_card":"summary_large_image","twitter_misc":{"Est. reading time":"5 minutes"},"schema":{"@context":"https:\/\/schema.org","@graph":[{"@type":"WebPage","@id":"https:\/\/coldingadvisors.com\/en\/privacy-policy\/","url":"https:\/\/coldingadvisors.com\/en\/privacy-policy\/","name":"Privacy Policy - COLDING Advisors | connecting talent","isPartOf":{"@id":"https:\/\/coldingadvisors.com\/#website"},"datePublished":"2022-10-27T15:56:14+00:00","dateModified":"2022-11-16T14:22:15+00:00","breadcrumb":{"@id":"https:\/\/coldingadvisors.com\/en\/privacy-policy\/#breadcrumb"},"inLanguage":"en-US","potentialAction":[{"@type":"ReadAction","target":["https:\/\/coldingadvisors.com\/en\/privacy-policy\/"]}]},{"@type":"BreadcrumbList","@id":"https:\/\/coldingadvisors.com\/en\/privacy-policy\/#breadcrumb","itemListElement":[{"@type":"ListItem","position":1,"name":"Portada","item":"https:\/\/coldingadvisors.com\/en\/home\/"},{"@type":"ListItem","position":2,"name":"Privacy Policy"}]},{"@type":"WebSite","@id":"https:\/\/coldingadvisors.com\/#website","url":"https:\/\/coldingadvisors.com\/","name":"COLDING Advisors | connecting talent","description":"Expertos en servicios profesionales, consultores y headhunters, y estamos especializados en alinear a las personas con las organizaciones.","publisher":{"@id":"https:\/\/coldingadvisors.com\/#organization"},"potentialAction":[{"@type":"SearchAction","target":{"@type":"EntryPoint","urlTemplate":"https:\/\/coldingadvisors.com\/?s={search_term_string}"},"query-input":{"@type":"PropertyValueSpecification","valueRequired":true,"valueName":"search_term_string"}}],"inLanguage":"en-US"},{"@type":"Organization","@id":"https:\/\/coldingadvisors.com\/#organization","name":"COLDING Advisors | connecting talent","url":"https:\/\/coldingadvisors.com\/","logo":{"@type":"ImageObject","inLanguage":"en-US","@id":"https:\/\/coldingadvisors.com\/#\/schema\/logo\/image\/","url":"https:\/\/coldingadvisors.com\/wp-content\/uploads\/2022\/10\/colding-advisors-logo-1.svg","contentUrl":"https:\/\/coldingadvisors.com\/wp-content\/uploads\/2022\/10\/colding-advisors-logo-1.svg","width":374,"height":105,"caption":"COLDING Advisors | connecting talent"},"image":{"@id":"https:\/\/coldingadvisors.com\/#\/schema\/logo\/image\/"}}]}},"_links":{"self":[{"href":"https:\/\/coldingadvisors.com\/en\/wp-json\/wp\/v2\/pages\/538","targetHints":{"allow":["GET"]}}],"collection":[{"href":"https:\/\/coldingadvisors.com\/en\/wp-json\/wp\/v2\/pages"}],"about":[{"href":"https:\/\/coldingadvisors.com\/en\/wp-json\/wp\/v2\/types\/page"}],"author":[{"embeddable":true,"href":"https:\/\/coldingadvisors.com\/en\/wp-json\/wp\/v2\/users\/2"}],"replies":[{"embeddable":true,"href":"https:\/\/coldingadvisors.com\/en\/wp-json\/wp\/v2\/comments?post=538"}],"version-history":[{"count":3,"href":"https:\/\/coldingadvisors.com\/en\/wp-json\/wp\/v2\/pages\/538\/revisions"}],"predecessor-version":[{"id":541,"href":"https:\/\/coldingadvisors.com\/en\/wp-json\/wp\/v2\/pages\/538\/revisions\/541"}],"wp:attachment":[{"href":"https:\/\/coldingadvisors.com\/en\/wp-json\/wp\/v2\/media?parent=538"}],"curies":[{"name":"wp","href":"https:\/\/api.w.org\/{rel}","templated":true}]}}